{"id":3245,"date":"2016-06-29T10:13:01","date_gmt":"2016-06-29T14:13:01","guid":{"rendered":"https:\/\/molierecopernic.ca\/?page_id=3245"},"modified":"2022-08-17T15:23:53","modified_gmt":"2022-08-17T19:23:53","slug":"about-us","status":"publish","type":"page","link":"https:\/\/molierecopernic.ca\/en\/about-us\/","title":{"rendered":"About us"},"content":{"rendered":"<p>The Moli\u00e8re &amp; Copernic Learning Center started in 2014 and was created by a CEGEP literature teacher who saw too many students and families broken by learning difficulties. She had a vision and wanted to create a place where they could find help and support in order to protect their self-esteem and motivation to go to school.<\/p>\n<h3>Our history<\/h3>\n<p>Moli\u00e8re &amp; Copernic is a learning support center that started in 2014 with the vision of a CEGEP literacy teacher, Melanie Dutemple: a teacher who wanted to better help students with difficulties. M\u00e9lanie Dutemple began her career with a bachelor\u2019s degree in literary studies and was responsible for a French support center at the CEGEP. She was also a French and literature teacher for nearly 20 years. She then completed a master\u2019s degree in orthopedagogy (resource teacher) with honours under the direction of Professor Andr\u00e9 Moreau and renowned speech therapist Brigitte Stank\u00e9. Her work focused on the explicit teaching of lexical spelling to dyslexic students.\u00a0 Now a doctoral student in education, she focuses her research on the teaching of spelling regularities and offers international training and conferences on the subject. She has also been a Research Fellow for Literacy and Inclusion (ERLI) and participated in a research project on explicit spelling instruction (FQRSC) led by Brigitte Stank\u00e9. She is also a lecturer in special education and orthopedagogy at the Universit\u00e9 du Qu\u00e9bec en Outaouais.<\/p>\n<p>Today, 47 professionals (orthopedagogues, teachers, tutors, educational psychologists, psychologists and guidance counselors) are involved in the Founders\u2019 vision of Moli\u00e8re and Copernic. At both Vaudreuil and Coteaux du lac localtions, \u00a0they offer individualized teaching and support adapted to the needs of students in all subjects from preschool to university.\u00a0 The methods are stimulating and the tutors are hired on a very strict screening process.<\/p>\n<h3>Our Mission Statement<\/h3>\n<p>The Moli\u00e8re and Copernic Learning Centre is a company based on mutual aid and respect, whose mission is to develop a sense of competence and self-confidence, in the pleasure of learning\u2026 for a lifetime!<\/p>\n<p>Teacher Louise Charron\u2019s words about her students on the day she retired accurately reflect our vision of education:<\/p>\n<p>\u201cWhen they look into my eyes, they see the best in themselves and they give it to me.\u201d<\/p>\n<p>\u2013 La Presse, 2019<\/p>\n<h3>Our professional associations<\/h3>\n<p>As a group, our team of professionals are members of the following professional associations:<\/p>\n<p>Association des orthop\u00e9dagogues du Qu\u00e9bec (LADOQ), Association qu\u00e9b\u00e9coise des enseignantes et des enseignants du primaire (AQEP), Association qu\u00e9b\u00e9coise des professeurs de fran\u00e7ais (AQPF), Centre de recherche interdisciplinaire du Montr\u00e9al m\u00e9tropolitain (CRIR) Institut des troubles d\u2019apprentissage (ITA), Ordre des conseill\u00e8res et des conseillers d\u2019orientation du Qu\u00e9bec (OCCOQ), Ordre des psychologues du Qu\u00e9bec, Ordre des psycho\u00e9ducatrices et des psycho\u00e9ducateurs du Qu\u00e9bec (OPPQ)<\/p>\n","protected":false},"excerpt":{"rendered":"<p>The Moli\u00e8re &amp; Copernic Learning Center started in 2014 and was created by a CEGEP literature teacher who saw too many students and families broken by learning difficulties. She had a vision and wanted to create a place where they could find help and support in order to protect their self-esteem and motivation to go [&hellip;]<\/p>\n","protected":false},"author":3,"featured_media":4554,"parent":0,"menu_order":0,"comment_status":"closed","ping_status":"closed","template":"","meta":{"_acf_changed":false,"_breakdance_hide_in_design_set":false,"_breakdance_tags":"","footnotes":""},"class_list":["post-3245","page","type-page","status-publish","has-post-thumbnail","hentry"],"acf":[],"yoast_head":"<!-- This site is optimized with the Yoast SEO plugin v27.5 - https:\/\/yoast.com\/product\/yoast-seo-wordpress\/ -->\n<title>About us - Moli\u00e8re et Copernic Learning Center<\/title>\n<meta name=\"robots\" content=\"index, follow, max-snippet:-1, max-image-preview:large, max-video-preview:-1\" \/>\n<link rel=\"canonical\" href=\"https:\/\/molierecopernic.ca\/en\/about-us\/\" \/>\n<meta property=\"og:locale\" content=\"en_US\" \/>\n<meta property=\"og:type\" content=\"article\" \/>\n<meta property=\"og:title\" content=\"About us - Moli\u00e8re et Copernic Learning Center\" \/>\n<meta property=\"og:description\" content=\"The Moli\u00e8re &amp; Copernic Learning Center started in 2014 and was created by a CEGEP literature teacher who saw too many students and families broken by learning difficulties. She had a vision and wanted to create a place where they could find help and support in order to protect their self-esteem and motivation to go [&hellip;]\" \/>\n<meta property=\"og:url\" content=\"https:\/\/molierecopernic.ca\/en\/about-us\/\" \/>\n<meta property=\"og:site_name\" content=\"Moli\u00e8re et Copernic Learning Center\" \/>\n<meta property=\"article:publisher\" content=\"https:\/\/www.facebook.com\/molierecopernic\/\" \/>\n<meta property=\"article:modified_time\" content=\"2022-08-17T19:23:53+00:00\" \/>\n<meta property=\"og:image\" content=\"https:\/\/molierecopernic.ca\/wp-content\/uploads\/2019\/06\/Moli\u00bfre-et-Copernic-slogan-scaled.png\" \/>\n\t<meta property=\"og:image:width\" content=\"2048\" \/>\n\t<meta property=\"og:image:height\" content=\"1304\" \/>\n\t<meta property=\"og:image:type\" content=\"image\/png\" \/>\n<meta name=\"twitter:card\" content=\"summary_large_image\" \/>\n<meta name=\"twitter:label1\" content=\"Est. reading time\" \/>\n\t<meta name=\"twitter:data1\" content=\"3 minutes\" \/>\n<script type=\"application\/ld+json\" class=\"yoast-schema-graph\">{\"@context\":\"https:\\\/\\\/schema.org\",\"@graph\":[{\"@type\":\"WebPage\",\"@id\":\"https:\\\/\\\/molierecopernic.ca\\\/en\\\/about-us\\\/\",\"url\":\"https:\\\/\\\/molierecopernic.ca\\\/en\\\/about-us\\\/\",\"name\":\"About us - Moli\u00e8re et Copernic Learning Center\",\"isPartOf\":{\"@id\":\"https:\\\/\\\/molierecopernic.ca\\\/en\\\/#website\"},\"primaryImageOfPage\":{\"@id\":\"https:\\\/\\\/molierecopernic.ca\\\/en\\\/about-us\\\/#primaryimage\"},\"image\":{\"@id\":\"https:\\\/\\\/molierecopernic.ca\\\/en\\\/about-us\\\/#primaryimage\"},\"thumbnailUrl\":\"https:\\\/\\\/i0.wp.com\\\/molierecopernic.ca\\\/wp-content\\\/uploads\\\/2019\\\/06\\\/cropped-favicon.png?fit=512%2C512&ssl=1\",\"datePublished\":\"2016-06-29T14:13:01+00:00\",\"dateModified\":\"2022-08-17T19:23:53+00:00\",\"breadcrumb\":{\"@id\":\"https:\\\/\\\/molierecopernic.ca\\\/en\\\/about-us\\\/#breadcrumb\"},\"inLanguage\":\"en-US\",\"potentialAction\":[{\"@type\":\"ReadAction\",\"target\":[\"https:\\\/\\\/molierecopernic.ca\\\/en\\\/about-us\\\/\"]}]},{\"@type\":\"ImageObject\",\"inLanguage\":\"en-US\",\"@id\":\"https:\\\/\\\/molierecopernic.ca\\\/en\\\/about-us\\\/#primaryimage\",\"url\":\"https:\\\/\\\/i0.wp.com\\\/molierecopernic.ca\\\/wp-content\\\/uploads\\\/2019\\\/06\\\/cropped-favicon.png?fit=512%2C512&ssl=1\",\"contentUrl\":\"https:\\\/\\\/i0.wp.com\\\/molierecopernic.ca\\\/wp-content\\\/uploads\\\/2019\\\/06\\\/cropped-favicon.png?fit=512%2C512&ssl=1\",\"width\":512,\"height\":512},{\"@type\":\"BreadcrumbList\",\"@id\":\"https:\\\/\\\/molierecopernic.ca\\\/en\\\/about-us\\\/#breadcrumb\",\"itemListElement\":[{\"@type\":\"ListItem\",\"position\":1,\"name\":\"Accueil\",\"item\":\"https:\\\/\\\/molierecopernic.ca\\\/en\\\/home-2\\\/\"},{\"@type\":\"ListItem\",\"position\":2,\"name\":\"About us\"}]},{\"@type\":\"WebSite\",\"@id\":\"https:\\\/\\\/molierecopernic.ca\\\/en\\\/#website\",\"url\":\"https:\\\/\\\/molierecopernic.ca\\\/en\\\/\",\"name\":\"Moli\u00e8re et Copernic Learning Center\",\"description\":\"Learning for life\",\"publisher\":{\"@id\":\"https:\\\/\\\/molierecopernic.ca\\\/en\\\/#organization\"},\"potentialAction\":[{\"@type\":\"SearchAction\",\"target\":{\"@type\":\"EntryPoint\",\"urlTemplate\":\"https:\\\/\\\/molierecopernic.ca\\\/en\\\/?s={search_term_string}\"},\"query-input\":{\"@type\":\"PropertyValueSpecification\",\"valueRequired\":true,\"valueName\":\"search_term_string\"}}],\"inLanguage\":\"en-US\"},{\"@type\":\"Organization\",\"@id\":\"https:\\\/\\\/molierecopernic.ca\\\/en\\\/#organization\",\"name\":\"Moli\u00e8re et Copernic Learning Center\",\"url\":\"https:\\\/\\\/molierecopernic.ca\\\/en\\\/\",\"logo\":{\"@type\":\"ImageObject\",\"inLanguage\":\"en-US\",\"@id\":\"https:\\\/\\\/molierecopernic.ca\\\/en\\\/#\\\/schema\\\/logo\\\/image\\\/\",\"url\":\"https:\\\/\\\/i0.wp.com\\\/www.molierecopernic.ca\\\/wp-content\\\/uploads\\\/2019\\\/06\\\/Moli\u00bfre-et-Copernic-scaled.png?fit=2048%2C1304&ssl=1\",\"contentUrl\":\"https:\\\/\\\/i0.wp.com\\\/www.molierecopernic.ca\\\/wp-content\\\/uploads\\\/2019\\\/06\\\/Moli\u00bfre-et-Copernic-scaled.png?fit=2048%2C1304&ssl=1\",\"width\":2048,\"height\":1304,\"caption\":\"Moli\u00e8re et Copernic Learning Center\"},\"image\":{\"@id\":\"https:\\\/\\\/molierecopernic.ca\\\/en\\\/#\\\/schema\\\/logo\\\/image\\\/\"},\"sameAs\":[\"https:\\\/\\\/www.facebook.com\\\/molierecopernic\\\/\"]}]}<\/script>\n<!-- \/ Yoast SEO plugin. -->","yoast_head_json":{"title":"About us - Moli\u00e8re et Copernic Learning Center","robots":{"index":"index","follow":"follow","max-snippet":"max-snippet:-1","max-image-preview":"max-image-preview:large","max-video-preview":"max-video-preview:-1"},"canonical":"https:\/\/molierecopernic.ca\/en\/about-us\/","og_locale":"en_US","og_type":"article","og_title":"About us - Moli\u00e8re et Copernic Learning Center","og_description":"The Moli\u00e8re &amp; Copernic Learning Center started in 2014 and was created by a CEGEP literature teacher who saw too many students and families broken by learning difficulties. She had a vision and wanted to create a place where they could find help and support in order to protect their self-esteem and motivation to go [&hellip;]","og_url":"https:\/\/molierecopernic.ca\/en\/about-us\/","og_site_name":"Moli\u00e8re et Copernic Learning Center","article_publisher":"https:\/\/www.facebook.com\/molierecopernic\/","article_modified_time":"2022-08-17T19:23:53+00:00","og_image":[{"width":2048,"height":1304,"url":"https:\/\/molierecopernic.ca\/wp-content\/uploads\/2019\/06\/Moli\u00bfre-et-Copernic-slogan-scaled.png","type":"image\/png"}],"twitter_card":"summary_large_image","twitter_misc":{"Est. reading time":"3 minutes"},"schema":{"@context":"https:\/\/schema.org","@graph":[{"@type":"WebPage","@id":"https:\/\/molierecopernic.ca\/en\/about-us\/","url":"https:\/\/molierecopernic.ca\/en\/about-us\/","name":"About us - Moli\u00e8re et Copernic Learning Center","isPartOf":{"@id":"https:\/\/molierecopernic.ca\/en\/#website"},"primaryImageOfPage":{"@id":"https:\/\/molierecopernic.ca\/en\/about-us\/#primaryimage"},"image":{"@id":"https:\/\/molierecopernic.ca\/en\/about-us\/#primaryimage"},"thumbnailUrl":"https:\/\/i0.wp.com\/molierecopernic.ca\/wp-content\/uploads\/2019\/06\/cropped-favicon.png?fit=512%2C512&ssl=1","datePublished":"2016-06-29T14:13:01+00:00","dateModified":"2022-08-17T19:23:53+00:00","breadcrumb":{"@id":"https:\/\/molierecopernic.ca\/en\/about-us\/#breadcrumb"},"inLanguage":"en-US","potentialAction":[{"@type":"ReadAction","target":["https:\/\/molierecopernic.ca\/en\/about-us\/"]}]},{"@type":"ImageObject","inLanguage":"en-US","@id":"https:\/\/molierecopernic.ca\/en\/about-us\/#primaryimage","url":"https:\/\/i0.wp.com\/molierecopernic.ca\/wp-content\/uploads\/2019\/06\/cropped-favicon.png?fit=512%2C512&ssl=1","contentUrl":"https:\/\/i0.wp.com\/molierecopernic.ca\/wp-content\/uploads\/2019\/06\/cropped-favicon.png?fit=512%2C512&ssl=1","width":512,"height":512},{"@type":"BreadcrumbList","@id":"https:\/\/molierecopernic.ca\/en\/about-us\/#breadcrumb","itemListElement":[{"@type":"ListItem","position":1,"name":"Accueil","item":"https:\/\/molierecopernic.ca\/en\/home-2\/"},{"@type":"ListItem","position":2,"name":"About us"}]},{"@type":"WebSite","@id":"https:\/\/molierecopernic.ca\/en\/#website","url":"https:\/\/molierecopernic.ca\/en\/","name":"Moli\u00e8re et Copernic Learning Center","description":"Learning for life","publisher":{"@id":"https:\/\/molierecopernic.ca\/en\/#organization"},"potentialAction":[{"@type":"SearchAction","target":{"@type":"EntryPoint","urlTemplate":"https:\/\/molierecopernic.ca\/en\/?s={search_term_string}"},"query-input":{"@type":"PropertyValueSpecification","valueRequired":true,"valueName":"search_term_string"}}],"inLanguage":"en-US"},{"@type":"Organization","@id":"https:\/\/molierecopernic.ca\/en\/#organization","name":"Moli\u00e8re et Copernic Learning Center","url":"https:\/\/molierecopernic.ca\/en\/","logo":{"@type":"ImageObject","inLanguage":"en-US","@id":"https:\/\/molierecopernic.ca\/en\/#\/schema\/logo\/image\/","url":"https:\/\/i0.wp.com\/www.molierecopernic.ca\/wp-content\/uploads\/2019\/06\/Moli\u00bfre-et-Copernic-scaled.png?fit=2048%2C1304&ssl=1","contentUrl":"https:\/\/i0.wp.com\/www.molierecopernic.ca\/wp-content\/uploads\/2019\/06\/Moli\u00bfre-et-Copernic-scaled.png?fit=2048%2C1304&ssl=1","width":2048,"height":1304,"caption":"Moli\u00e8re et Copernic Learning Center"},"image":{"@id":"https:\/\/molierecopernic.ca\/en\/#\/schema\/logo\/image\/"},"sameAs":["https:\/\/www.facebook.com\/molierecopernic\/"]}]}},"jetpack_sharing_enabled":true,"_links":{"self":[{"href":"https:\/\/molierecopernic.ca\/en\/wp-json\/wp\/v2\/pages\/3245","targetHints":{"allow":["GET"]}}],"collection":[{"href":"https:\/\/molierecopernic.ca\/en\/wp-json\/wp\/v2\/pages"}],"about":[{"href":"https:\/\/molierecopernic.ca\/en\/wp-json\/wp\/v2\/types\/page"}],"author":[{"embeddable":true,"href":"https:\/\/molierecopernic.ca\/en\/wp-json\/wp\/v2\/users\/3"}],"replies":[{"embeddable":true,"href":"https:\/\/molierecopernic.ca\/en\/wp-json\/wp\/v2\/comments?post=3245"}],"version-history":[{"count":0,"href":"https:\/\/molierecopernic.ca\/en\/wp-json\/wp\/v2\/pages\/3245\/revisions"}],"wp:featuredmedia":[{"embeddable":true,"href":"https:\/\/molierecopernic.ca\/en\/wp-json\/wp\/v2\/media\/4554"}],"wp:attachment":[{"href":"https:\/\/molierecopernic.ca\/en\/wp-json\/wp\/v2\/media?parent=3245"}],"curies":[{"name":"wp","href":"https:\/\/api.w.org\/{rel}","templated":true}]}}